{"id":12,"date":"2023-08-07T10:43:28","date_gmt":"2023-08-07T08:43:28","guid":{"rendered":"http:\/\/localhost\/bohotel\/?page_id=12"},"modified":"2023-08-09T08:52:41","modified_gmt":"2023-08-09T06:52:41","slug":"suti-beallitasok","status":"publish","type":"page","link":"https:\/\/www.bo33hotelbudapest.com\/hu\/suti-beallitasok\/","title":{"rendered":"S\u00fcti be\u00e1ll\u00edt\u00e1sok"},"content":{"rendered":"\n<h3 class=\"wp-block-heading\">Mit nevez\u00fcnk s\u00fctiknek (cookie-nak)?<\/h3>\n\n\n\n<p>A s\u00fcti (cookie) egy kism\u00e9ret\u0171 sz\u00f6veges illetve alfanumerikus f\u00e1jl, amelyet a weboldalak a l\u00e1togat\u00f3ik sz\u00e1m\u00edt\u00f3g\u00e9p\u00e9n vagy mobil eszk\u00f6z\u00e9n r\u00f6gz\u00edtenek. A s\u00fctiket sz\u00e9les k\u00f6rben haszn\u00e1lj\u00e1k a weboldalak m\u0171k\u00f6d\u00e9s\u00e9nek jav\u00edt\u00e1s\u00e1ra, a szem\u00e9lyre szabott online \u00e9lm\u00e9ny biztos\u00edt\u00e1s\u00e1ravagy a felhaszn\u00e1l\u00f3i \u00e9lm\u00e9ny egy\u00e9b fokoz\u00e1s\u00e1ra, illetve a weboldal tulajdonosainak k\u00fcl\u00f6nf\u00e9le inform\u00e1ci\u00f3kkal t\u00f6rt\u00e9n\u0151 ell\u00e1t\u00e1s\u00e1ra. A s\u00fctik \u00f6nmagukban a felhaszn\u00e1l\u00f3 azonos\u00edt\u00e1s\u00e1ra nem alkalmasak, csup\u00e1n a l\u00e1togat\u00f3 sz\u00e1m\u00edt\u00f3g\u00e9pet ismerik fel.<\/p>\n\n\n\n<p>Azokat a s\u00fctiket, amelyek felt\u00e9tlen\u00fcl sz\u00fcks\u00e9gesek a weboldal m\u0171k\u00f6d\u00e9s\u00e9nek biztos\u00edt\u00e1s\u00e1hoz, hozz\u00e1j\u00e1rul\u00e1s n\u00e9lk\u00fcl helyezhetj\u00fck el a l\u00e1togat\u00f3ink sz\u00e1m\u00edt\u00f3g\u00e9p\u00e9n. Minden m\u00e1s s\u00fcti t\u00edpus elhelyez\u00e9s\u00e9hez az \u00d6n hozz\u00e1j\u00e1rul\u00e1s\u00e1ra van sz\u00fcks\u00e9g\u00fcnk.<\/p>\n\n\n\n<p>A honlapjainkon tett l\u00e1togat\u00e1sa sor\u00e1n s\u00fctiken, szerver napl\u00f3kon \u00e9s egy\u00e9b technol\u00f3gi\u00e1konkereszt\u00fcl gy\u0171jtj\u00fck az \u00d6n szem\u00e9lyes adatait, ezen bel\u00fcl k\u00fcl\u00f6n\u00f6sen az \u00d6n IP-c\u00edm\u00e9t, b\u00f6ng\u00e9sz\u0151j\u00e9nek t\u00edpus\u00e1t, l\u00e1togat\u00e1sa id\u0151pontj\u00e1t, \u00e9s esetleges preferenci\u00e1it is.<\/p>\n\n\n\n<p>A s\u00fcti az elhelyez\u00e9sekor be\u00e1ll\u00edtott lej\u00e1rati id\u0151n&nbsp; bel\u00fcl \u00e9rv\u00e9nyes \u00e9s akt\u00edv. Az \u00fagynevezett \u201esession\u201d vagy munkamenet s\u00fctik csak&nbsp; addig \u00e9rv\u00e9nyesek \u00e9s akt\u00edvak, ameddig \u00d6n a weboldalt a felhaszn\u00e1l\u00f3i eszk\u00f6z\u00e9n nyitva tartja, a weboldal bez\u00e1r\u00e1s\u00e1t k\u00f6zvetlen\u00fcl k\u00f6vet\u0151en elvesztik \u00e9rv\u00e9nyess\u00e9g\u00fcket. Az \u00e1lland\u00f3 s\u00fctik \u00e9rv\u00e9nyess\u00e9gi ideje h\u00f3napokban, napokban vagy \u00e9vekben ker\u00fcl meghat\u00e1roz\u00e1sra. Az \u00e1lland\u00f3 s\u00fctik \u00e9rv\u00e9nyess\u00e9g\u00e9nek lej\u00e1rta ut\u00e1n az \u00d6n b\u00f6ng\u00e9sz\u0151je az oldal \u00fajra l\u00e1togat\u00e1sakor automatikusan t\u00f6rlia&nbsp;s\u00fctit. Az \u00e1lland\u00f3 s\u00fctiket az \u00e9rv\u00e9nyess\u00e9gi id\u0151n bel\u00fcl \u00d6n is t\u00f6r\u00f6lheti a b\u00f6ng\u00e9sz\u0151j\u00e9ben.<\/p>\n\n\n\n<p>A honlap \u00e1talunk haszn\u00e1lt harmadik f\u00e9lt\u0151l \u00e9rkez\u0151 \u00e9s harmadik f\u00e9l fel\u00e9 adatokat tov\u00e1bb\u00edt\u00f3 s\u00fctiket is elhelyez.<\/p>\n\n\n\n<p>A honlapunkon haszn\u00e1lt, a weboldal m\u0171k\u00f6d\u00e9s\u00e9hez felt\u00e9tlen\u00fcl sz\u00fcks\u00e9ges s\u00fcti:<\/p>\n\n\n\n<ul class=\"wp-block-list\">\n<li>PHPSESSID HTTP session s\u00fcti<\/li>\n<\/ul>\n\n\n\n<p>A honlapunkon haszn\u00e1lt harmadik f\u00e9l \u00e1ltal elhelyezett statisztikai \u00e9s marketing illetve vegyes c\u00e9l\u00fa s\u00fctik:<\/p>\n\n\n\n<ul class=\"wp-block-list\">\n<li>Google.com s\u00fctik<\/li>\n\n\n\n<li>Youtube.com s\u00fctik<\/li>\n\n\n\n<li>Google-analytics.com s\u00fctik<\/li>\n\n\n\n<li>Facebook.com s\u00fctik<\/li>\n\n\n\n<li>Globeres.com s\u00fctik<\/li>\n<\/ul>\n\n\n\n<p>A Google illetve a YouTubes\u00fctikezel\u00e9si ir\u00e1nyelveir\u0151l ezeken az oldalakon t\u00e1j\u00e9koz\u00f3dhat:&nbsp;<a href=\"https:\/\/policies.google.com\/technologies\/cookies\" target=\"_blank\" rel=\"noreferrer noopener\">https:\/\/policies.google.com\/technologies\/cookies<\/a><\/p>\n\n\n\n<p><a href=\"https:\/\/policies.google.com\/privacy?hl=en-GB\">https:\/\/policies.google.com\/privacy?hl=en-GB<\/a><br><a href=\"https:\/\/privacy.google.com\/intl\/hu\/index.html\">https:\/\/privacy.google.com\/intl\/hu\/index.html<\/a><\/p>\n\n\n\n<p>A Google Analytics s\u00fctikezel\u00e9si szab\u00e1lyzat\u00e1t itt tal\u00e1lhatja:<\/p>\n\n\n\n<p><a href=\"https:\/\/support.google.com\/analytics\/answer\/6004245\">https:\/\/support.google.com\/analytics\/answer\/6004245<\/a><br><a href=\"https:\/\/developers.google.com\/analytics\/devguides\/collection\/analyticsjs\/cookie-usage\">https:\/\/developers.google.com\/analytics\/devguides\/collection\/analyticsjs\/cookie-usage<\/a><\/p>\n\n\n\n<p>A Facebook s\u00fctikezel\u00e9si t\u00e1j\u00e9koztat\u00f3ja itt tal\u00e1lhat\u00f3:<\/p>\n\n\n\n<p><a href=\"https:\/\/www.facebook.com\/policy\/cookies\/\">https:\/\/www.facebook.com\/policy\/cookies\/<\/a><\/p>\n\n\n\n<p>A Globres adatkezel\u00e9si ir\u00e1nyelveit itt tal\u00e1lja:<\/p>\n\n\n\n<p><a href=\"http:\/\/globres.com\/Globres-Privacy-Policy-GDPR.pdf\" target=\"_blank\" rel=\"noreferrer noopener\">http:\/\/globres.com\/Globres-Privacy-Policy-GDPR.pdf<\/a><\/p>\n\n\n\n<h3 class=\"wp-block-heading\">Hogyan haszn\u00e1ljuk a s\u00fctiket?<\/h3>\n\n\n\n<p>Az \u00e1ltalunk elhelyezett s\u00fctikb\u0151l esetlegesen szerzett szem\u00e9lyes adatokat a k\u00f6vetkez\u0151 c\u00e9lokra haszn\u00e1lhatjuk fel:<\/p>\n\n\n\n<ul class=\"wp-block-list\">\n<li><a>M\u0171szaki okokb\u00f3l (pl. de nem kiz\u00e1r\u00f3lag a munkamenetek azonos\u00edt\u00e1s\u00e1ra, be\u00e1ll\u00edt\u00e1sok vagy preferenci\u00e1k megjegyz\u00e9s\u00e9re, az online \u0171rlapok kit\u00f6lt\u00e9se sor\u00e1n bevitt inform\u00e1ci\u00f3k nyomon k\u00f6vet\u00e9s\u00e9re, stb.);<\/a><\/li>\n\n\n\n<li>Statisztikai elemz\u00e9sek l\u00e9trehoz\u00e1s\u00e1hoz \u00e9s webes forgalomir\u00e1ny\u00edt\u00e1si c\u00e9lokra (pl. hogy jav\u00edtsa a webhely\u00e9nek haszn\u00e1lhat\u00f3s\u00e1g\u00e1t \u00e9s a szolg\u00e1ltat\u00e1sai relevanci\u00e1j\u00e1t, elemezze az inform\u00e1ci\u00f3kat a webhely l\u00e1togat\u00f3k \u00e1ltali haszn\u00e1lat\u00e1r\u00f3l a megl\u00e1togatott oldalak, a hozz\u00e1f\u00e9r\u00e9sek sz\u00e1ma, az elhelyezked\u00e9st, stb. alapj\u00e1n)<\/li>\n\n\n\n<li>A felhaszn\u00e1l\u00f3i \u00e9lm\u00e9ny fokoz\u00e1s\u00e1ra (pl. de nem kiz\u00e1r\u00f3lag inform\u00e1ci\u00f3s felugr\u00f3 ablak kor\u00e1bbi elolvas\u00e1s\u00e1nak jelz\u00e9s\u00e9re \u00e9s bizonyos id\u0151n bel\u00fcli ism\u00e9telt jelz\u00e9s\u00e9nek kiz\u00e1r\u00e1s\u00e1ra, s\u00fctikezel\u00e9sbe beleegyez\u00e9s eset\u00e9n a s\u00fctikezel\u00e9si t\u00e1j\u00e9koztat\u00f3 \u00e9s hozz\u00e1j\u00e1rul\u00e1s bizonyos id\u0151n bel\u00fcli ism\u00e9telt jelz\u00e9s\u00e9nek kiz\u00e1r\u00e1s\u00e1ra)<\/li>\n<\/ul>\n\n\n\n<h3 class=\"wp-block-heading\">\u200bHogyan tudja megakad\u00e1lyozni, hogy a sz\u00e1m\u00edt\u00f3g\u00e9pe s\u00fctiket fogadjon?<\/h3>\n\n\n\n<p>\u00d6n jogosult tiltakozni a szem\u00e9lyes adatainak s\u00fctiken kereszt\u00fcli feldolgoz\u00e1sa ellen. E c\u00e9lb\u00f3l konfigur\u00e1lhatja a b\u00f6ng\u00e9sz\u0151j\u00e9t a s\u00fctik telep\u00edt\u00e9s\u00e9nek letilt\u00e1s\u00e1hoz.<\/p>\n\n\n\n<p>B\u00e1rmelyik legut\u00f3bbi webes b\u00f6ng\u00e9sz\u0151 lehet\u0151v\u00e9 teszi a s\u00fctikkel kapcsolatos be\u00e1ll\u00edt\u00e1sok megv\u00e1ltoztat\u00e1s\u00e1t. E be\u00e1ll\u00edt\u00e1sok \u00e1ltal\u00e1ban az \u201eEszk\u00f6z\u00f6k\u201d, \u201eOpci\u00f3k\u201d, \u201eS\u00fag\u00f3\u201d vagy \u201eBe\u00e1ll\u00edt\u00e1sok\u201d szakaszban tal\u00e1lhat\u00f3k a b\u00f6ng\u00e9sz\u0151n bel\u00fcl, amelyeket az al\u00e1bbi linkeken tanulm\u00e1nyozhat, att\u00f3l f\u00fcgg\u0151en melyik b\u00f6ng\u00e9sz\u0151t haszn\u00e1lja.<\/p>\n\n\n\n<p><strong>Google Chrome:<\/strong><\/p>\n\n\n\n<p><a href=\"https:\/\/support.google.com\/chrome\/answer\/95647?hl=en\">https:\/\/support.google.com\/chrome\/answer\/95647?hl=en<\/a><\/p>\n\n\n\n<p><strong>Internet Explorer:<\/strong><\/p>\n\n\n\n<p><a href=\"http:\/\/windows.microsoft.com\/en-us\/internet-explorer\/delete-manage-cookies#_blank\" target=\"_blank\" rel=\"noreferrer noopener\">http:\/\/windows.microsoft.com\/en-us\/internet-explorer\/delete-manage-cookies#ie=ie-11<\/a><\/p>\n\n\n\n<p><strong>MozillaFirefox<\/strong><\/p>\n\n\n\n<p><a href=\"https:\/\/support.mozilla.org\/en-US\/kb\/delete-cookies-remove-info-websites-stored\">https:\/\/support.mozilla.org\/en-US\/kb\/delete-cookies-remove-info-websites-stored<\/a><\/p>\n\n\n\n<p><strong>Safari:<\/strong><\/p>\n\n\n\n<p><a href=\"https:\/\/support.apple.com\/en-gb\/HT201265\">https:\/\/support.apple.com\/en-gb\/HT201265<\/a><\/p>\n\n\n\n<p>B\u00e1rmely be\u00e1ll\u00edt\u00e1s, amelyet elv\u00e9gezhet a s\u00fctik kezel\u00e9s\u00e9hez, val\u00f3sz\u00edn\u0171leg megv\u00e1ltoztatja majd az \u00d6n b\u00f6ng\u00e9sz\u00e9si \u00e9s hozz\u00e1f\u00e9r\u00e9si felt\u00e9teleit bizonyos szolg\u00e1ltat\u00e1sokhoz, amelyek s\u00fctik haszn\u00e1lat\u00e1t ig\u00e9nylik. Nem v\u00e1llalunk felel\u0151ss\u00e9get szolg\u00e1ltat\u00e1saink leromlott m\u0171k\u00f6d\u00e9s\u00e9vel kapcsolatos k\u00f6vetkezm\u00e9nyek\u00e9rt, amennyiben a szolg\u00e1ltat\u00e1s min\u0151s\u00e9groml\u00e1sa az \u00d6n \u00e1ltal elutas\u00edtott vagy t\u00f6r\u00f6lt s\u00fctik haszn\u00e1lat\u00e1nak hi\u00e1ny\u00e1b\u00f3l ad\u00f3dnak.<\/p>\n\n\n\n<p>\u00d6nnek ezen t\u00falmen\u0151en lehet\u0151s\u00e9ge van arra, hogy a s\u00fctik teljesk\u00f6r\u0171, el\u0151zetes blokkol\u00e1sa helyett a s\u00fctik haszn\u00e1lat\u00e1hoz hozz\u00e1j\u00e1ruljon.<\/p>\n\n\n\n<p>Ebben az esetben ut\u00f3lag is t\u00f6r\u00f6lni tudja a g\u00e9p\u00e9n elhelyezett s\u00fctiket az al\u00e1bbi m\u00f3dokon:<\/p>\n\n\n\n<ul class=\"wp-block-list\">\n<li><a href=\"https:\/\/support.google.com\/accounts\/answer\/32050\" target=\"_blank\" rel=\"noreferrer noopener\">GoogleChrome<\/a><\/li>\n\n\n\n<li><a href=\"https:\/\/support.mozilla.org\/hu\/kb\/weboldalak-altal-elhelyezett-sutik-torlese-szamito\" target=\"_blank\" rel=\"noreferrer noopener\">Firefox<\/a><\/li>\n\n\n\n<li><a href=\"https:\/\/support.microsoft.com\/hu-hu\/help\/278835\/how-to-delete-cookie-files-in-internet-explorer\" target=\"_blank\" rel=\"noreferrer noopener\">Microsoft Internet Explorer<\/a><\/li>\n\n\n\n<li><a href=\"https:\/\/support.microsoft.com\/hu-hu\/help\/4027947\/windows-delete-cookies\" target=\"_blank\" rel=\"noreferrer noopener\">Microsoft Edge<\/a><\/li>\n\n\n\n<li><a href=\"https:\/\/support.apple.com\/kb\/ph21411?locale=hu_HU\" target=\"_blank\" rel=\"noreferrer noopener\">Safari<\/a><\/li>\n<\/ul>\n","protected":false},"excerpt":{"rendered":"<p>Mit nevez\u00fcnk s\u00fctiknek (cookie-nak)? A s\u00fcti (cookie) egy kism\u00e9ret\u0171 sz\u00f6veges illetve alfanumerikus f\u00e1jl, amelyet a weboldalak a l\u00e1togat\u00f3ik sz\u00e1m\u00edt\u00f3g\u00e9p\u00e9n vagy mobil eszk\u00f6z\u00e9n r\u00f6gz\u00edtenek. A s\u00fctiket sz\u00e9les k\u00f6rben haszn\u00e1lj\u00e1k a weboldalak m\u0171k\u00f6d\u00e9s\u00e9nek jav\u00edt\u00e1s\u00e1ra, a szem\u00e9lyre szabott online \u00e9lm\u00e9ny biztos\u00edt\u00e1s\u00e1ravagy a felhaszn\u00e1l\u00f3i \u00e9lm\u00e9ny egy\u00e9b fokoz\u00e1s\u00e1ra, illetve a weboldal tulajdonosainak k\u00fcl\u00f6nf\u00e9le inform\u00e1ci\u00f3kkal t\u00f6rt\u00e9n\u0151 ell\u00e1t\u00e1s\u00e1ra. A s\u00fctik \u00f6nmagukban a [&hellip;]<\/p>\n","protected":false},"author":1,"featured_media":0,"parent":0,"menu_order":0,"comment_status":"closed","ping_status":"closed","template":"template-parts\/page-default.php","meta":{"_acf_changed":false,"footnotes":""},"class_list":["post-12","page","type-page","status-publish","hentry"],"acf":[],"yoast_head":"<!-- This site is optimized with the Yoast SEO plugin v26.8 - https:\/\/yoast.com\/product\/yoast-seo-wordpress\/ -->\n<title>S\u00fcti be\u00e1ll\u00edt\u00e1sok - Bo33 Hotel Family &amp; Suites<\/title>\n<meta name=\"robots\" content=\"index, follow, max-snippet:-1, max-image-preview:large, max-video-preview:-1\" \/>\n<link rel=\"canonical\" href=\"https:\/\/www.bo33hotelbudapest.com\/cookie-settings\/\" \/>\n<meta property=\"og:locale\" content=\"hu_HU\" \/>\n<meta property=\"og:type\" content=\"article\" \/>\n<meta property=\"og:title\" content=\"S\u00fcti be\u00e1ll\u00edt\u00e1sok - Bo33 Hotel Family &amp; Suites\" \/>\n<meta property=\"og:description\" content=\"Mit nevez\u00fcnk s\u00fctiknek (cookie-nak)? A s\u00fcti (cookie) egy kism\u00e9ret\u0171 sz\u00f6veges illetve alfanumerikus f\u00e1jl, amelyet a weboldalak a l\u00e1togat\u00f3ik sz\u00e1m\u00edt\u00f3g\u00e9p\u00e9n vagy mobil eszk\u00f6z\u00e9n r\u00f6gz\u00edtenek. A s\u00fctiket sz\u00e9les k\u00f6rben haszn\u00e1lj\u00e1k a weboldalak m\u0171k\u00f6d\u00e9s\u00e9nek jav\u00edt\u00e1s\u00e1ra, a szem\u00e9lyre szabott online \u00e9lm\u00e9ny biztos\u00edt\u00e1s\u00e1ravagy a felhaszn\u00e1l\u00f3i \u00e9lm\u00e9ny egy\u00e9b fokoz\u00e1s\u00e1ra, illetve a weboldal tulajdonosainak k\u00fcl\u00f6nf\u00e9le inform\u00e1ci\u00f3kkal t\u00f6rt\u00e9n\u0151 ell\u00e1t\u00e1s\u00e1ra. A s\u00fctik \u00f6nmagukban a [&hellip;]\" \/>\n<meta property=\"og:url\" content=\"https:\/\/www.bo33hotelbudapest.com\/cookie-settings\/\" \/>\n<meta property=\"og:site_name\" content=\"Bo33 Hotel Family &amp; Suites\" \/>\n<meta property=\"article:publisher\" content=\"https:\/\/www.facebook.com\/Bo33HotelFamilyandSuites\/\" \/>\n<meta property=\"article:modified_time\" content=\"2023-08-09T06:52:41+00:00\" \/>\n<meta name=\"twitter:card\" content=\"summary_large_image\" \/>\n<meta name=\"twitter:label1\" content=\"Becs\u00fclt olvas\u00e1si id\u0151\" \/>\n\t<meta name=\"twitter:data1\" content=\"5 perc\" \/>\n<script type=\"application\/ld+json\" class=\"yoast-schema-graph\">{\"@context\":\"https:\/\/schema.org\",\"@graph\":[{\"@type\":\"WebPage\",\"@id\":\"https:\/\/www.bo33hotelbudapest.com\/cookie-settings\/\",\"url\":\"https:\/\/www.bo33hotelbudapest.com\/cookie-settings\/\",\"name\":\"S\u00fcti be\u00e1ll\u00edt\u00e1sok - Bo33 Hotel Family &amp; Suites\",\"isPartOf\":{\"@id\":\"https:\/\/www.bo33hotelbudapest.com\/hu\/#website\"},\"datePublished\":\"2023-08-07T08:43:28+00:00\",\"dateModified\":\"2023-08-09T06:52:41+00:00\",\"breadcrumb\":{\"@id\":\"https:\/\/www.bo33hotelbudapest.com\/cookie-settings\/#breadcrumb\"},\"inLanguage\":\"hu\",\"potentialAction\":[{\"@type\":\"ReadAction\",\"target\":[\"https:\/\/www.bo33hotelbudapest.com\/cookie-settings\/\"]}]},{\"@type\":\"BreadcrumbList\",\"@id\":\"https:\/\/www.bo33hotelbudapest.com\/cookie-settings\/#breadcrumb\",\"itemListElement\":[{\"@type\":\"ListItem\",\"position\":1,\"name\":\"Home\",\"item\":\"https:\/\/www.bo33hotelbudapest.com\/hu\/\"},{\"@type\":\"ListItem\",\"position\":2,\"name\":\"S\u00fcti be\u00e1ll\u00edt\u00e1sok\"}]},{\"@type\":\"WebSite\",\"@id\":\"https:\/\/www.bo33hotelbudapest.com\/hu\/#website\",\"url\":\"https:\/\/www.bo33hotelbudapest.com\/hu\/\",\"name\":\"Bo33 Hotel****Family & Suites\",\"description\":\"\",\"publisher\":{\"@id\":\"https:\/\/www.bo33hotelbudapest.com\/hu\/#organization\"},\"potentialAction\":[{\"@type\":\"SearchAction\",\"target\":{\"@type\":\"EntryPoint\",\"urlTemplate\":\"https:\/\/www.bo33hotelbudapest.com\/hu\/?s={search_term_string}\"},\"query-input\":{\"@type\":\"PropertyValueSpecification\",\"valueRequired\":true,\"valueName\":\"search_term_string\"}}],\"inLanguage\":\"hu\"},{\"@type\":\"Organization\",\"@id\":\"https:\/\/www.bo33hotelbudapest.com\/hu\/#organization\",\"name\":\"Bo33 Hotel****Family & Suites\",\"url\":\"https:\/\/www.bo33hotelbudapest.com\/hu\/\",\"logo\":{\"@type\":\"ImageObject\",\"inLanguage\":\"hu\",\"@id\":\"https:\/\/www.bo33hotelbudapest.com\/hu\/#\/schema\/logo\/image\/\",\"url\":\"https:\/\/bo33hotel.local\/wp-content\/uploads\/2023\/08\/bo33-logo.png\",\"contentUrl\":\"https:\/\/bo33hotel.local\/wp-content\/uploads\/2023\/08\/bo33-logo.png\",\"width\":200,\"height\":51,\"caption\":\"Bo33 Hotel****Family & Suites\"},\"image\":{\"@id\":\"https:\/\/www.bo33hotelbudapest.com\/hu\/#\/schema\/logo\/image\/\"},\"sameAs\":[\"https:\/\/www.facebook.com\/Bo33HotelFamilyandSuites\/\",\"https:\/\/www.instagram.com\/bo33hotel\/\",\"https:\/\/www.tripadvisor.com\/Hotel_Review-g274887-d7392359-Reviews-Bo33_Hotel_Family_Suites-Budapest_Central_Hungary.html\"]}]}<\/script>\n<!-- \/ Yoast SEO plugin. -->","yoast_head_json":{"title":"S\u00fcti be\u00e1ll\u00edt\u00e1sok - Bo33 Hotel Family &amp; Suites","robots":{"index":"index","follow":"follow","max-snippet":"max-snippet:-1","max-image-preview":"max-image-preview:large","max-video-preview":"max-video-preview:-1"},"canonical":"https:\/\/www.bo33hotelbudapest.com\/cookie-settings\/","og_locale":"hu_HU","og_type":"article","og_title":"S\u00fcti be\u00e1ll\u00edt\u00e1sok - Bo33 Hotel Family &amp; Suites","og_description":"Mit nevez\u00fcnk s\u00fctiknek (cookie-nak)? A s\u00fcti (cookie) egy kism\u00e9ret\u0171 sz\u00f6veges illetve alfanumerikus f\u00e1jl, amelyet a weboldalak a l\u00e1togat\u00f3ik sz\u00e1m\u00edt\u00f3g\u00e9p\u00e9n vagy mobil eszk\u00f6z\u00e9n r\u00f6gz\u00edtenek. A s\u00fctiket sz\u00e9les k\u00f6rben haszn\u00e1lj\u00e1k a weboldalak m\u0171k\u00f6d\u00e9s\u00e9nek jav\u00edt\u00e1s\u00e1ra, a szem\u00e9lyre szabott online \u00e9lm\u00e9ny biztos\u00edt\u00e1s\u00e1ravagy a felhaszn\u00e1l\u00f3i \u00e9lm\u00e9ny egy\u00e9b fokoz\u00e1s\u00e1ra, illetve a weboldal tulajdonosainak k\u00fcl\u00f6nf\u00e9le inform\u00e1ci\u00f3kkal t\u00f6rt\u00e9n\u0151 ell\u00e1t\u00e1s\u00e1ra. A s\u00fctik \u00f6nmagukban a [&hellip;]","og_url":"https:\/\/www.bo33hotelbudapest.com\/cookie-settings\/","og_site_name":"Bo33 Hotel Family &amp; Suites","article_publisher":"https:\/\/www.facebook.com\/Bo33HotelFamilyandSuites\/","article_modified_time":"2023-08-09T06:52:41+00:00","twitter_card":"summary_large_image","twitter_misc":{"Becs\u00fclt olvas\u00e1si id\u0151":"5 perc"},"schema":{"@context":"https:\/\/schema.org","@graph":[{"@type":"WebPage","@id":"https:\/\/www.bo33hotelbudapest.com\/cookie-settings\/","url":"https:\/\/www.bo33hotelbudapest.com\/cookie-settings\/","name":"S\u00fcti be\u00e1ll\u00edt\u00e1sok - Bo33 Hotel Family &amp; Suites","isPartOf":{"@id":"https:\/\/www.bo33hotelbudapest.com\/hu\/#website"},"datePublished":"2023-08-07T08:43:28+00:00","dateModified":"2023-08-09T06:52:41+00:00","breadcrumb":{"@id":"https:\/\/www.bo33hotelbudapest.com\/cookie-settings\/#breadcrumb"},"inLanguage":"hu","potentialAction":[{"@type":"ReadAction","target":["https:\/\/www.bo33hotelbudapest.com\/cookie-settings\/"]}]},{"@type":"BreadcrumbList","@id":"https:\/\/www.bo33hotelbudapest.com\/cookie-settings\/#breadcrumb","itemListElement":[{"@type":"ListItem","position":1,"name":"Home","item":"https:\/\/www.bo33hotelbudapest.com\/hu\/"},{"@type":"ListItem","position":2,"name":"S\u00fcti be\u00e1ll\u00edt\u00e1sok"}]},{"@type":"WebSite","@id":"https:\/\/www.bo33hotelbudapest.com\/hu\/#website","url":"https:\/\/www.bo33hotelbudapest.com\/hu\/","name":"Bo33 Hotel****Family & Suites","description":"","publisher":{"@id":"https:\/\/www.bo33hotelbudapest.com\/hu\/#organization"},"potentialAction":[{"@type":"SearchAction","target":{"@type":"EntryPoint","urlTemplate":"https:\/\/www.bo33hotelbudapest.com\/hu\/?s={search_term_string}"},"query-input":{"@type":"PropertyValueSpecification","valueRequired":true,"valueName":"search_term_string"}}],"inLanguage":"hu"},{"@type":"Organization","@id":"https:\/\/www.bo33hotelbudapest.com\/hu\/#organization","name":"Bo33 Hotel****Family & Suites","url":"https:\/\/www.bo33hotelbudapest.com\/hu\/","logo":{"@type":"ImageObject","inLanguage":"hu","@id":"https:\/\/www.bo33hotelbudapest.com\/hu\/#\/schema\/logo\/image\/","url":"https:\/\/bo33hotel.local\/wp-content\/uploads\/2023\/08\/bo33-logo.png","contentUrl":"https:\/\/bo33hotel.local\/wp-content\/uploads\/2023\/08\/bo33-logo.png","width":200,"height":51,"caption":"Bo33 Hotel****Family & Suites"},"image":{"@id":"https:\/\/www.bo33hotelbudapest.com\/hu\/#\/schema\/logo\/image\/"},"sameAs":["https:\/\/www.facebook.com\/Bo33HotelFamilyandSuites\/","https:\/\/www.instagram.com\/bo33hotel\/","https:\/\/www.tripadvisor.com\/Hotel_Review-g274887-d7392359-Reviews-Bo33_Hotel_Family_Suites-Budapest_Central_Hungary.html"]}]}},"_links":{"self":[{"href":"https:\/\/www.bo33hotelbudapest.com\/hu\/wp-json\/wp\/v2\/pages\/12","targetHints":{"allow":["GET"]}}],"collection":[{"href":"https:\/\/www.bo33hotelbudapest.com\/hu\/wp-json\/wp\/v2\/pages"}],"about":[{"href":"https:\/\/www.bo33hotelbudapest.com\/hu\/wp-json\/wp\/v2\/types\/page"}],"author":[{"embeddable":true,"href":"https:\/\/www.bo33hotelbudapest.com\/hu\/wp-json\/wp\/v2\/users\/1"}],"replies":[{"embeddable":true,"href":"https:\/\/www.bo33hotelbudapest.com\/hu\/wp-json\/wp\/v2\/comments?post=12"}],"version-history":[{"count":5,"href":"https:\/\/www.bo33hotelbudapest.com\/hu\/wp-json\/wp\/v2\/pages\/12\/revisions"}],"predecessor-version":[{"id":394,"href":"https:\/\/www.bo33hotelbudapest.com\/hu\/wp-json\/wp\/v2\/pages\/12\/revisions\/394"}],"wp:attachment":[{"href":"https:\/\/www.bo33hotelbudapest.com\/hu\/wp-json\/wp\/v2\/media?parent=12"}],"curies":[{"name":"wp","href":"https:\/\/api.w.org\/{rel}","templated":true}]}}